{"id":22,"date":"2023-04-23T15:44:40","date_gmt":"2023-04-23T07:44:40","guid":{"rendered":"https:\/\/balersl.com\/?page_id=22"},"modified":"2023-06-21T17:39:49","modified_gmt":"2023-06-21T09:39:49","slug":"about-us","status":"publish","type":"page","link":"https:\/\/balersl.com\/de\/about-us\/","title":{"rendered":"\u00dcber uns"},"content":{"rendered":"<div data-elementor-type=\"wp-page\" data-elementor-id=\"22\" class=\"elementor elementor-22\" data-elementor-post-type=\"page\"> \t\t\t\t<div class=\"elementor-element elementor-element-6dcbf04 e-flex e-con-boxed e-con e-parent\" data-id=\"6dcbf04\" data-element_type=\"container\" data-e-type=\"container\"> \t\t\t\t\t<div class=\"e-con-inner\"> \t\t<div class=\"elementor-element elementor-element-07002cc e-con-full e-flex e-con e-parent\" data-id=\"07002cc\" data-element_type=\"container\" data-e-type=\"container\"> \t\t\t\t<div class=\"elementor-element elementor-element-48f94ad elementor-widget elementor-widget-heading\" data-id=\"48f94ad\" data-element_type=\"widget\" data-e-type=\"widget\" data-widget_type=\"heading.default\"> \t\t\t\t\t<h1 class=\"elementor-heading-title elementor-size-default\">\u00dcber uns<\/h1>\t\t\t\t<\/div> \t\t\t\t<div class=\"elementor-element elementor-element-8afe9cf elementor-widget__width-initial elementor-widget elementor-widget-image\" data-id=\"8afe9cf\" data-element_type=\"widget\" data-e-type=\"widget\" data-widget_type=\"image.default\"> \t\t\t\t\t\t\t\t\t\t\t\t\t\t\t<img fetchpriority=\"high\" decoding=\"async\" width=\"720\" height=\"540\" src=\"https:\/\/balersl.com\/wp-content\/uploads\/2023\/06\/Shuliy-factory-.webp\" class=\"attachment-large size-large wp-image-1497\" alt=\"Shuliy-Fabrik\" srcset=\"https:\/\/balersl.com\/wp-content\/uploads\/2023\/06\/Shuliy-factory-.webp 720w, https:\/\/balersl.com\/wp-content\/uploads\/2023\/06\/Shuliy-factory--360x270.webp 360w, https:\/\/balersl.com\/wp-content\/uploads\/2023\/06\/Shuliy-factory--240x180.webp 240w\" sizes=\"(max-width: 720px) 100vw, 720px\" \/>\t\t\t\t\t\t\t\t\t\t\t\t\t\t\t<\/div> \t\t\t\t<\/div> \t\t\t\t<div class=\"elementor-element elementor-element-526fdea elementor-widget__width-initial elementor-widget elementor-widget-text-editor\" data-id=\"526fdea\" data-element_type=\"widget\" data-e-type=\"widget\" data-widget_type=\"text-editor.default\"> \t\t\t\t\t\t\t\t\t<p>Seit der Gr\u00fcndung von Shuliy Machinery hat sich unsere Gr\u00f6\u00dfe im Zuge der kontinuierlichen Weiterentwicklung stark vergr\u00f6\u00dfert. Und nach Jahren der Entwicklung ist unsere Fertigungstechnologie f\u00fcr Futtermittelmaschinen inzwischen recht ausgereift. Wir verf\u00fcgen \u00fcber verschiedene Abteilungen, die die verschiedenen Maschinenbauverbindungen verwalten. Beispielsweise ist die Forschungs- und Entwicklungsabteilung f\u00fcr die Erforschung und Aktualisierung der Maschinen verantwortlich, die Fertigungsabteilung, die Qualit\u00e4tskontrollabteilung usw. Dar\u00fcber hinaus verf\u00fcgen wir \u00fcber professionelle Vertriebs- und Serviceabteilungen, um unseren Kunden professionelle, umfassende und qualitativ hochwertige Dienstleistungen und Produkte anzubieten.<\/p>\t\t\t\t\t\t\t\t<\/div> \t\t\t\t\t<\/div> \t\t\t\t<\/div> \t\t<div class=\"elementor-element elementor-element-f305cb8 e-con-full e-flex e-con e-parent\" data-id=\"f305cb8\" data-element_type=\"container\" data-e-type=\"container\"> \t\t\t\t<div class=\"elementor-element elementor-element-c3ffd74 elementor-widget-divider--view-line elementor-widget elementor-widget-divider\" data-id=\"c3ffd74\" data-element_type=\"widget\" data-e-type=\"widget\" data-widget_type=\"divider.default\"> \t\t\t\t\t\t\t<div class=\"elementor-divider\"> \t\t\t<span class=\"elementor-divider-separator\"> \t\t\t\t\t\t<\/span> \t\t<\/div> \t\t\t\t\t\t<\/div> \t\t\t\t<\/div> \t\t<div class=\"elementor-element elementor-element-79ed9e7 e-flex e-con-boxed e-con e-parent\" data-id=\"79ed9e7\" data-element_type=\"container\" data-e-type=\"container\"> \t\t\t\t\t<div class=\"e-con-inner\"> \t\t<div class=\"elementor-element elementor-element-a972c7a e-con-full e-flex e-con e-parent\" data-id=\"a972c7a\" data-element_type=\"container\" data-e-type=\"container\"> \t\t\t\t<\/div> \t\t<div class=\"elementor-element elementor-element-334f5bc e-con-full e-flex e-con e-parent\" data-id=\"334f5bc\" data-element_type=\"container\" data-e-type=\"container\"> \t\t\t\t<div class=\"elementor-element elementor-element-d9a65a0 elementor-widget elementor-widget-heading\" data-id=\"d9a65a0\" data-element_type=\"widget\" data-e-type=\"widget\" data-widget_type=\"heading.default\"> \t\t\t\t\t<h2 class=\"elementor-heading-title elementor-size-default\">Hauptprodukte<\/h2>\t\t\t\t<\/div> \t\t\t\t<div class=\"elementor-element elementor-element-aa1e12b elementor-widget__width-initial elementor-widget elementor-widget-text-editor\" data-id=\"aa1e12b\" data-element_type=\"widget\" data-e-type=\"widget\" data-widget_type=\"text-editor.default\"> \t\t\t\t\t\t\t\t\t<p>Zu den Hauptprodukten unseres Unternehmens geh\u00f6ren derzeit Metallballenpressen, Metallscheren, Metallzerkleinerer, Brikettiermaschinen f\u00fcr Metallsp\u00e4ne usw. Mit der Mission \u201eL\u00e4sst chinesische Maschinen sich in jeden Winkel der Welt verbreiten\u201c erweitert sich unser Gesch\u00e4ftsumfang st\u00e4ndig. Mittlerweile wurden unsere Maschinen erfolgreich in mehr als 80 L\u00e4nder verkauft, darunter Nigeria, Indien, die Vereinigten Staaten, Malaysia, Sudan, die Vereinigten Arabischen Emirate, das Vereinigte K\u00f6nigreich, Sri Lanka, Pakistan, Thailand, Algerien und Uganda. Und aufgrund der hervorragenden Maschinenqualit\u00e4t und des angemessenen Preises haben unsere Kunden gro\u00dfes Lob erhalten.<\/p>\t\t\t\t\t\t\t\t<\/div> \t\t\t\t<\/div> \t\t\t\t<div class=\"elementor-element elementor-element-284b39f elementor-widget__width-initial elementor-widget elementor-widget-image\" data-id=\"284b39f\" data-element_type=\"widget\" data-e-type=\"widget\" data-widget_type=\"image.default\"> \t\t\t\t\t\t\t\t\t\t\t\t\t\t\t<img decoding=\"async\" width=\"720\" height=\"540\" src=\"https:\/\/balersl.com\/wp-content\/uploads\/2023\/06\/scrap-metal-baler-machine-.webp\" class=\"attachment-large size-large wp-image-1498\" alt=\"Schrottballenpresse\" srcset=\"https:\/\/balersl.com\/wp-content\/uploads\/2023\/06\/scrap-metal-baler-machine-.webp 720w, https:\/\/balersl.com\/wp-content\/uploads\/2023\/06\/scrap-metal-baler-machine--360x270.webp 360w, https:\/\/balersl.com\/wp-content\/uploads\/2023\/06\/scrap-metal-baler-machine--240x180.webp 240w\" sizes=\"(max-width: 720px) 100vw, 720px\" \/>\t\t\t\t\t\t\t\t\t\t\t\t\t\t\t<\/div> \t\t\t\t\t<\/div> \t\t\t\t<\/div> \t\t<div class=\"elementor-element elementor-element-33d6bc3 e-con-full e-flex e-con e-parent\" data-id=\"33d6bc3\" data-element_type=\"container\" data-e-type=\"container\"> \t\t\t\t<div class=\"elementor-element elementor-element-6b3b003 elementor-widget-divider--view-line elementor-widget elementor-widget-divider\" data-id=\"6b3b003\" data-element_type=\"widget\" data-e-type=\"widget\" data-widget_type=\"divider.default\"> \t\t\t\t\t\t\t<div class=\"elementor-divider\"> \t\t\t<span class=\"elementor-divider-separator\"> \t\t\t\t\t\t<\/span> \t\t<\/div> \t\t\t\t\t\t<\/div> \t\t\t\t<\/div> \t\t<div class=\"elementor-element elementor-element-92fe8f7 e-flex e-con-boxed e-con e-parent\" data-id=\"92fe8f7\" data-element_type=\"container\" data-e-type=\"container\"> \t\t\t\t\t<div class=\"e-con-inner\"> \t\t<div class=\"elementor-element elementor-element-d7325c5 e-con-full e-flex e-con e-parent\" data-id=\"d7325c5\" data-element_type=\"container\" data-e-type=\"container\"> \t\t\t\t<div class=\"elementor-element elementor-element-76d219b elementor-widget elementor-widget-image\" data-id=\"76d219b\" data-element_type=\"widget\" data-e-type=\"widget\" data-widget_type=\"image.default\"> \t\t\t\t\t\t\t\t\t\t\t\t\t\t\t<img decoding=\"async\" width=\"720\" height=\"540\" src=\"https:\/\/balersl.com\/wp-content\/uploads\/2023\/06\/Shuliy-certificates-.webp\" class=\"attachment-large size-large wp-image-1500\" alt=\"Shuliy-Zertifikate\" srcset=\"https:\/\/balersl.com\/wp-content\/uploads\/2023\/06\/Shuliy-certificates-.webp 720w, https:\/\/balersl.com\/wp-content\/uploads\/2023\/06\/Shuliy-certificates--360x270.webp 360w, https:\/\/balersl.com\/wp-content\/uploads\/2023\/06\/Shuliy-certificates--240x180.webp 240w\" sizes=\"(max-width: 720px) 100vw, 720px\" \/>\t\t\t\t\t\t\t\t\t\t\t\t\t\t\t<\/div> \t\t\t\t<\/div> \t\t<div class=\"elementor-element elementor-element-957859a e-con-full e-flex e-con e-parent\" data-id=\"957859a\" data-element_type=\"container\" data-e-type=\"container\"> \t\t\t\t<div class=\"elementor-element elementor-element-b254e47 elementor-widget elementor-widget-heading\" data-id=\"b254e47\" data-element_type=\"widget\" data-e-type=\"widget\" data-widget_type=\"heading.default\"> \t\t\t\t\t<h2 class=\"elementor-heading-title elementor-size-default\">Zertifikate und Ehrungen <\/h2>\t\t\t\t<\/div> \t\t\t\t<div class=\"elementor-element elementor-element-7757c1e elementor-widget elementor-widget-text-editor\" data-id=\"7757c1e\" data-element_type=\"widget\" data-e-type=\"widget\" data-widget_type=\"text-editor.default\"> \t\t\t\t\t\t\t\t\t<p>Shuliy Machinery ist ein professioneller Hersteller von Futtermaschinen. Bisher haben wir mehrere Ehrenurkunden und CE-Zertifikate erhalten.<\/p>\t\t\t\t\t\t\t\t<\/div> \t\t\t\t<\/div> \t\t\t\t\t<\/div> \t\t\t\t<\/div> \t\t<div class=\"elementor-element elementor-element-c31c495 e-con-full e-flex e-con e-parent\" data-id=\"c31c495\" data-element_type=\"container\" data-e-type=\"container\"> \t\t\t\t<div class=\"elementor-element elementor-element-97f25ca elementor-widget-divider--view-line elementor-widget elementor-widget-divider\" data-id=\"97f25ca\" data-element_type=\"widget\" data-e-type=\"widget\" data-widget_type=\"divider.default\"> \t\t\t\t\t\t\t<div class=\"elementor-divider\"> \t\t\t<span class=\"elementor-divider-separator\"> \t\t\t\t\t\t<\/span> \t\t<\/div> \t\t\t\t\t\t<\/div> \t\t\t\t<\/div> \t\t<div class=\"elementor-element elementor-element-1221527 e-flex e-con-boxed e-con e-parent\" data-id=\"1221527\" data-element_type=\"container\" data-e-type=\"container\"> \t\t\t\t\t<div class=\"e-con-inner\"> \t\t<div class=\"elementor-element elementor-element-781ec70 e-con-full e-flex e-con e-parent\" data-id=\"781ec70\" data-element_type=\"container\" data-e-type=\"container\"> \t\t\t\t<div class=\"elementor-element elementor-element-796920c elementor-widget elementor-widget-heading\" data-id=\"796920c\" data-element_type=\"widget\" data-e-type=\"widget\" data-widget_type=\"heading.default\"> \t\t\t\t\t<h2 class=\"elementor-heading-title elementor-size-default\">Globale Kunden<\/h2>\t\t\t\t<\/div> \t\t\t\t<div class=\"elementor-element elementor-element-e87b0de elementor-widget elementor-widget-text-editor\" data-id=\"e87b0de\" data-element_type=\"widget\" data-e-type=\"widget\" data-widget_type=\"text-editor.default\"> \t\t\t\t\t\t\t\t\t<p>Seit der Gr\u00fcndung von Shuliy Machinery exportieren wir. Unsere Maschinen wurden nach Nordamerika, S\u00fcdamerika, S\u00fcdostasien, Afrika, S\u00fcdostasien und in viele andere Regionen verkauft. Im Laufe der Jahre haben wir einen gro\u00dfen Erfahrungsschatz im Export gesammelt. Daher k\u00f6nnen wir unseren Kunden helfen, die Probleme der Zahlung, Dokumentation und Logistik einfach zu l\u00f6sen. Wir verf\u00fcgen au\u00dferdem \u00fcber ein hervorragendes Servicesystem, zum Beispiel Installation und Inbetriebnahme von Maschinen im Ausland, einj\u00e4hriger Kundendienst, lebenslanger kostenloser Online-Beratungsservice usw.<\/p>\t\t\t\t\t\t\t\t<\/div> \t\t\t\t<\/div> \t\t<div class=\"elementor-element elementor-element-ea33e13 e-con-full e-flex e-con e-parent\" data-id=\"ea33e13\" data-element_type=\"container\" data-e-type=\"container\"> \t\t\t\t<div class=\"elementor-element elementor-element-bf27f6c elementor-widget elementor-widget-image\" data-id=\"bf27f6c\" data-element_type=\"widget\" data-e-type=\"widget\" data-widget_type=\"image.default\"> \t\t\t\t\t\t\t\t\t\t\t\t\t\t\t<img loading=\"lazy\" decoding=\"async\" width=\"720\" height=\"540\" src=\"https:\/\/balersl.com\/wp-content\/uploads\/2023\/06\/Shuliy-global-customers-.webp\" class=\"attachment-large size-large wp-image-1501\" alt=\"\" srcset=\"https:\/\/balersl.com\/wp-content\/uploads\/2023\/06\/Shuliy-global-customers-.webp 720w, https:\/\/balersl.com\/wp-content\/uploads\/2023\/06\/Shuliy-global-customers--360x270.webp 360w, https:\/\/balersl.com\/wp-content\/uploads\/2023\/06\/Shuliy-global-customers--240x180.webp 240w\" sizes=\"(max-width: 720px) 100vw, 720px\" \/>\t\t\t\t\t\t\t\t\t\t\t\t\t\t\t<\/div> \t\t\t\t<\/div> \t\t\t\t\t<\/div> \t\t\t\t<\/div> \t\t\t\t<\/div>","protected":false},"excerpt":{"rendered":"<p>About us Since the establishment of Shuliy Machinery, with the continuous development, our scale has been increasing largely. And after years of development our feed machinery manufacturing technology has been quite mature. We have different departments to manage different machinery manufacturing links. For example, the R&amp;D department is responsible for researching and updating the machines, [&hellip;]<\/p>\n","protected":false},"author":1,"featured_media":0,"parent":0,"menu_order":0,"comment_status":"closed","ping_status":"closed","template":"","meta":{"footnotes":""},"class_list":["post-22","page","type-page","status-publish","hentry"],"_links":{"self":[{"href":"https:\/\/balersl.com\/de\/wp-json\/wp\/v2\/pages\/22","targetHints":{"allow":["GET"]}}],"collection":[{"href":"https:\/\/balersl.com\/de\/wp-json\/wp\/v2\/pages"}],"about":[{"href":"https:\/\/balersl.com\/de\/wp-json\/wp\/v2\/types\/page"}],"author":[{"embeddable":true,"href":"https:\/\/balersl.com\/de\/wp-json\/wp\/v2\/users\/1"}],"replies":[{"embeddable":true,"href":"https:\/\/balersl.com\/de\/wp-json\/wp\/v2\/comments?post=22"}],"version-history":[{"count":0,"href":"https:\/\/balersl.com\/de\/wp-json\/wp\/v2\/pages\/22\/revisions"}],"wp:attachment":[{"href":"https:\/\/balersl.com\/de\/wp-json\/wp\/v2\/media?parent=22"}],"curies":[{"name":"wp","href":"https:\/\/api.w.org\/{rel}","templated":true}]}}