{"id":22,"date":"2023-04-23T15:44:40","date_gmt":"2023-04-23T07:44:40","guid":{"rendered":"https:\/\/balersl.com\/?page_id=22"},"modified":"2023-06-21T17:39:49","modified_gmt":"2023-06-21T09:39:49","slug":"about-us","status":"publish","type":"page","link":"https:\/\/balersl.com\/es\/about-us\/","title":{"rendered":"Sobre nosotros"},"content":{"rendered":"<div data-elementor-type=\"wp-page\" data-elementor-id=\"22\" class=\"elementor elementor-22\" data-elementor-post-type=\"page\"> \t\t\t\t<div class=\"elementor-element elementor-element-6dcbf04 e-flex e-con-boxed e-con e-parent\" data-id=\"6dcbf04\" data-element_type=\"container\" data-e-type=\"container\"> \t\t\t\t\t<div class=\"e-con-inner\"> \t\t<div class=\"elementor-element elementor-element-07002cc e-con-full e-flex e-con e-parent\" data-id=\"07002cc\" data-element_type=\"container\" data-e-type=\"container\"> \t\t\t\t<div class=\"elementor-element elementor-element-48f94ad elementor-widget elementor-widget-heading\" data-id=\"48f94ad\" data-element_type=\"widget\" data-e-type=\"widget\" data-widget_type=\"heading.default\"> \t\t\t\t\t<h1 class=\"elementor-heading-title elementor-size-default\">Sobre nosotros<\/h1>\t\t\t\t<\/div> \t\t\t\t<div class=\"elementor-element elementor-element-8afe9cf elementor-widget__width-initial elementor-widget elementor-widget-image\" data-id=\"8afe9cf\" data-element_type=\"widget\" data-e-type=\"widget\" data-widget_type=\"image.default\"> \t\t\t\t\t\t\t\t\t\t\t\t\t\t\t<img fetchpriority=\"high\" decoding=\"async\" width=\"720\" height=\"540\" src=\"https:\/\/balersl.com\/wp-content\/uploads\/2023\/06\/Shuliy-factory-.webp\" class=\"attachment-large size-large wp-image-1497\" alt=\"f\u00e1brica de shuly\" srcset=\"https:\/\/balersl.com\/wp-content\/uploads\/2023\/06\/Shuliy-factory-.webp 720w, https:\/\/balersl.com\/wp-content\/uploads\/2023\/06\/Shuliy-factory--360x270.webp 360w, https:\/\/balersl.com\/wp-content\/uploads\/2023\/06\/Shuliy-factory--240x180.webp 240w\" sizes=\"(max-width: 720px) 100vw, 720px\" \/>\t\t\t\t\t\t\t\t\t\t\t\t\t\t\t<\/div> \t\t\t\t<\/div> \t\t\t\t<div class=\"elementor-element elementor-element-526fdea elementor-widget__width-initial elementor-widget elementor-widget-text-editor\" data-id=\"526fdea\" data-element_type=\"widget\" data-e-type=\"widget\" data-widget_type=\"text-editor.default\"> \t\t\t\t\t\t\t\t\t<p>Desde el establecimiento de Shuliy Machinery, con el desarrollo continuo, nuestra escala ha ido aumentando en gran medida. Y despu\u00e9s de a\u00f1os de desarrollo, nuestra tecnolog\u00eda de fabricaci\u00f3n de maquinaria para piensos ha alcanzado un nivel bastante maduro. Disponemos de diferentes departamentos para gestionar los diferentes eslabones de fabricaci\u00f3n de maquinaria. Por ejemplo, el departamento de I+D es responsable de investigar y actualizar las m\u00e1quinas, el departamento de fabricaci\u00f3n, el departamento de control de calidad, etc. Adem\u00e1s, contamos con departamentos de ventas y servicios profesionales para brindar servicios y productos profesionales, completos y de alta calidad a nuestros clientes.<\/p>\t\t\t\t\t\t\t\t<\/div> \t\t\t\t\t<\/div> \t\t\t\t<\/div> \t\t<div class=\"elementor-element elementor-element-f305cb8 e-con-full e-flex e-con e-parent\" data-id=\"f305cb8\" data-element_type=\"container\" data-e-type=\"container\"> \t\t\t\t<div class=\"elementor-element elementor-element-c3ffd74 elementor-widget-divider--view-line elementor-widget elementor-widget-divider\" data-id=\"c3ffd74\" data-element_type=\"widget\" data-e-type=\"widget\" data-widget_type=\"divider.default\"> \t\t\t\t\t\t\t<div class=\"elementor-divider\"> \t\t\t<span class=\"elementor-divider-separator\"> \t\t\t\t\t\t<\/span> \t\t<\/div> \t\t\t\t\t\t<\/div> \t\t\t\t<\/div> \t\t<div class=\"elementor-element elementor-element-79ed9e7 e-flex e-con-boxed e-con e-parent\" data-id=\"79ed9e7\" data-element_type=\"container\" data-e-type=\"container\"> \t\t\t\t\t<div class=\"e-con-inner\"> \t\t<div class=\"elementor-element elementor-element-a972c7a e-con-full e-flex e-con e-parent\" data-id=\"a972c7a\" data-element_type=\"container\" data-e-type=\"container\"> \t\t\t\t<\/div> \t\t<div class=\"elementor-element elementor-element-334f5bc e-con-full e-flex e-con e-parent\" data-id=\"334f5bc\" data-element_type=\"container\" data-e-type=\"container\"> \t\t\t\t<div class=\"elementor-element elementor-element-d9a65a0 elementor-widget elementor-widget-heading\" data-id=\"d9a65a0\" data-element_type=\"widget\" data-e-type=\"widget\" data-widget_type=\"heading.default\"> \t\t\t\t\t<h2 class=\"elementor-heading-title elementor-size-default\">Productos principales<\/h2>\t\t\t\t<\/div> \t\t\t\t<div class=\"elementor-element elementor-element-aa1e12b elementor-widget__width-initial elementor-widget elementor-widget-text-editor\" data-id=\"aa1e12b\" data-element_type=\"widget\" data-e-type=\"widget\" data-widget_type=\"text-editor.default\"> \t\t\t\t\t\t\t\t\t<p>En la actualidad, los principales productos de nuestra empresa incluyen empacadoras de metal, cizallas para metal, trituradoras de metal, m\u00e1quinas briquetadoras de virutas de metal, etc. Con la misi\u00f3n de \"Permitir que las m\u00e1quinas chinas se extiendan a todos los rincones del mundo\", nuestro alcance comercial se expande constantemente. Actualmente, nuestras m\u00e1quinas se han vendido con \u00e9xito en m\u00e1s de 80 pa\u00edses, incluidos Nigeria, India, Estados Unidos, Malasia, Sud\u00e1n, Emiratos \u00c1rabes Unidos, Reino Unido, Sri Lanka, Pakist\u00e1n, Tailandia, Argelia y Uganda. Y gracias a la excelente calidad de la m\u00e1quina y al precio razonable, hemos ganado grandes elogios entre nuestros clientes.<\/p>\t\t\t\t\t\t\t\t<\/div> \t\t\t\t<\/div> \t\t\t\t<div class=\"elementor-element elementor-element-284b39f elementor-widget__width-initial elementor-widget elementor-widget-image\" data-id=\"284b39f\" data-element_type=\"widget\" data-e-type=\"widget\" data-widget_type=\"image.default\"> \t\t\t\t\t\t\t\t\t\t\t\t\t\t\t<img decoding=\"async\" width=\"720\" height=\"540\" src=\"https:\/\/balersl.com\/wp-content\/uploads\/2023\/06\/scrap-metal-baler-machine-.webp\" class=\"attachment-large size-large wp-image-1498\" alt=\"m\u00e1quina empacadora de chatarra\" srcset=\"https:\/\/balersl.com\/wp-content\/uploads\/2023\/06\/scrap-metal-baler-machine-.webp 720w, https:\/\/balersl.com\/wp-content\/uploads\/2023\/06\/scrap-metal-baler-machine--360x270.webp 360w, https:\/\/balersl.com\/wp-content\/uploads\/2023\/06\/scrap-metal-baler-machine--240x180.webp 240w\" sizes=\"(max-width: 720px) 100vw, 720px\" \/>\t\t\t\t\t\t\t\t\t\t\t\t\t\t\t<\/div> \t\t\t\t\t<\/div> \t\t\t\t<\/div> \t\t<div class=\"elementor-element elementor-element-33d6bc3 e-con-full e-flex e-con e-parent\" data-id=\"33d6bc3\" data-element_type=\"container\" data-e-type=\"container\"> \t\t\t\t<div class=\"elementor-element elementor-element-6b3b003 elementor-widget-divider--view-line elementor-widget elementor-widget-divider\" data-id=\"6b3b003\" data-element_type=\"widget\" data-e-type=\"widget\" data-widget_type=\"divider.default\"> \t\t\t\t\t\t\t<div class=\"elementor-divider\"> \t\t\t<span class=\"elementor-divider-separator\"> \t\t\t\t\t\t<\/span> \t\t<\/div> \t\t\t\t\t\t<\/div> \t\t\t\t<\/div> \t\t<div class=\"elementor-element elementor-element-92fe8f7 e-flex e-con-boxed e-con e-parent\" data-id=\"92fe8f7\" data-element_type=\"container\" data-e-type=\"container\"> \t\t\t\t\t<div class=\"e-con-inner\"> \t\t<div class=\"elementor-element elementor-element-d7325c5 e-con-full e-flex e-con e-parent\" data-id=\"d7325c5\" data-element_type=\"container\" data-e-type=\"container\"> \t\t\t\t<div class=\"elementor-element elementor-element-76d219b elementor-widget elementor-widget-image\" data-id=\"76d219b\" data-element_type=\"widget\" data-e-type=\"widget\" data-widget_type=\"image.default\"> \t\t\t\t\t\t\t\t\t\t\t\t\t\t\t<img decoding=\"async\" width=\"720\" height=\"540\" src=\"https:\/\/balersl.com\/wp-content\/uploads\/2023\/06\/Shuliy-certificates-.webp\" class=\"attachment-large size-large wp-image-1500\" alt=\"Certificados Shuliy\" srcset=\"https:\/\/balersl.com\/wp-content\/uploads\/2023\/06\/Shuliy-certificates-.webp 720w, https:\/\/balersl.com\/wp-content\/uploads\/2023\/06\/Shuliy-certificates--360x270.webp 360w, https:\/\/balersl.com\/wp-content\/uploads\/2023\/06\/Shuliy-certificates--240x180.webp 240w\" sizes=\"(max-width: 720px) 100vw, 720px\" \/>\t\t\t\t\t\t\t\t\t\t\t\t\t\t\t<\/div> \t\t\t\t<\/div> \t\t<div class=\"elementor-element elementor-element-957859a e-con-full e-flex e-con e-parent\" data-id=\"957859a\" data-element_type=\"container\" data-e-type=\"container\"> \t\t\t\t<div class=\"elementor-element elementor-element-b254e47 elementor-widget elementor-widget-heading\" data-id=\"b254e47\" data-element_type=\"widget\" data-e-type=\"widget\" data-widget_type=\"heading.default\"> \t\t\t\t\t<h2 class=\"elementor-heading-title elementor-size-default\">Certificados y honores <\/h2>\t\t\t\t<\/div> \t\t\t\t<div class=\"elementor-element elementor-element-7757c1e elementor-widget elementor-widget-text-editor\" data-id=\"7757c1e\" data-element_type=\"widget\" data-e-type=\"widget\" data-widget_type=\"text-editor.default\"> \t\t\t\t\t\t\t\t\t<p>Shuliy Machinery es un fabricante profesional de maquinaria forrajera. Hasta ahora hemos obtenido varios certificados de honor y certificados CE.<\/p>\t\t\t\t\t\t\t\t<\/div> \t\t\t\t<\/div> \t\t\t\t\t<\/div> \t\t\t\t<\/div> \t\t<div class=\"elementor-element elementor-element-c31c495 e-con-full e-flex e-con e-parent\" data-id=\"c31c495\" data-element_type=\"container\" data-e-type=\"container\"> \t\t\t\t<div class=\"elementor-element elementor-element-97f25ca elementor-widget-divider--view-line elementor-widget elementor-widget-divider\" data-id=\"97f25ca\" data-element_type=\"widget\" data-e-type=\"widget\" data-widget_type=\"divider.default\"> \t\t\t\t\t\t\t<div class=\"elementor-divider\"> \t\t\t<span class=\"elementor-divider-separator\"> \t\t\t\t\t\t<\/span> \t\t<\/div> \t\t\t\t\t\t<\/div> \t\t\t\t<\/div> \t\t<div class=\"elementor-element elementor-element-1221527 e-flex e-con-boxed e-con e-parent\" data-id=\"1221527\" data-element_type=\"container\" data-e-type=\"container\"> \t\t\t\t\t<div class=\"e-con-inner\"> \t\t<div class=\"elementor-element elementor-element-781ec70 e-con-full e-flex e-con e-parent\" data-id=\"781ec70\" data-element_type=\"container\" data-e-type=\"container\"> \t\t\t\t<div class=\"elementor-element elementor-element-796920c elementor-widget elementor-widget-heading\" data-id=\"796920c\" data-element_type=\"widget\" data-e-type=\"widget\" data-widget_type=\"heading.default\"> \t\t\t\t\t<h2 class=\"elementor-heading-title elementor-size-default\">Clientes globales<\/h2>\t\t\t\t<\/div> \t\t\t\t<div class=\"elementor-element elementor-element-e87b0de elementor-widget elementor-widget-text-editor\" data-id=\"e87b0de\" data-element_type=\"widget\" data-e-type=\"widget\" data-widget_type=\"text-editor.default\"> \t\t\t\t\t\t\t\t\t<p>Desde el establecimiento de Shuliy Machinery, hemos estado exportando. Nuestras m\u00e1quinas se han vendido a Norteam\u00e9rica, Sudam\u00e9rica, Sudeste Asi\u00e1tico, \u00c1frica, Sudeste Asi\u00e1tico y muchas otras regiones. A lo largo de los a\u00f1os, hemos acumulado una gran experiencia en la exportaci\u00f3n. Por tanto, podemos ayudar a nuestros clientes a solucionar los problemas de pago, documentaci\u00f3n y log\u00edstica f\u00e1cilmente. Tambi\u00e9n contamos con un excelente sistema de servicios, por ejemplo, instalaci\u00f3n y puesta en marcha de m\u00e1quinas en el extranjero, servicio postventa por un a\u00f1o, servicio de consultor\u00eda en l\u00ednea gratuito de por vida, etc.<\/p>\t\t\t\t\t\t\t\t<\/div> \t\t\t\t<\/div> \t\t<div class=\"elementor-element elementor-element-ea33e13 e-con-full e-flex e-con e-parent\" data-id=\"ea33e13\" data-element_type=\"container\" data-e-type=\"container\"> \t\t\t\t<div class=\"elementor-element elementor-element-bf27f6c elementor-widget elementor-widget-image\" data-id=\"bf27f6c\" data-element_type=\"widget\" data-e-type=\"widget\" data-widget_type=\"image.default\"> \t\t\t\t\t\t\t\t\t\t\t\t\t\t\t<img loading=\"lazy\" decoding=\"async\" width=\"720\" height=\"540\" src=\"https:\/\/balersl.com\/wp-content\/uploads\/2023\/06\/Shuliy-global-customers-.webp\" class=\"attachment-large size-large wp-image-1501\" alt=\"\" srcset=\"https:\/\/balersl.com\/wp-content\/uploads\/2023\/06\/Shuliy-global-customers-.webp 720w, https:\/\/balersl.com\/wp-content\/uploads\/2023\/06\/Shuliy-global-customers--360x270.webp 360w, https:\/\/balersl.com\/wp-content\/uploads\/2023\/06\/Shuliy-global-customers--240x180.webp 240w\" sizes=\"(max-width: 720px) 100vw, 720px\" \/>\t\t\t\t\t\t\t\t\t\t\t\t\t\t\t<\/div> \t\t\t\t<\/div> \t\t\t\t\t<\/div> \t\t\t\t<\/div> \t\t\t\t<\/div>","protected":false},"excerpt":{"rendered":"<p>About us Since the establishment of Shuliy Machinery, with the continuous development, our scale has been increasing largely. And after years of development our feed machinery manufacturing technology has been quite mature. We have different departments to manage different machinery manufacturing links. For example, the R&amp;D department is responsible for researching and updating the machines, [&hellip;]<\/p>\n","protected":false},"author":1,"featured_media":0,"parent":0,"menu_order":0,"comment_status":"closed","ping_status":"closed","template":"","meta":{"footnotes":""},"class_list":["post-22","page","type-page","status-publish","hentry"],"_links":{"self":[{"href":"https:\/\/balersl.com\/es\/wp-json\/wp\/v2\/pages\/22","targetHints":{"allow":["GET"]}}],"collection":[{"href":"https:\/\/balersl.com\/es\/wp-json\/wp\/v2\/pages"}],"about":[{"href":"https:\/\/balersl.com\/es\/wp-json\/wp\/v2\/types\/page"}],"author":[{"embeddable":true,"href":"https:\/\/balersl.com\/es\/wp-json\/wp\/v2\/users\/1"}],"replies":[{"embeddable":true,"href":"https:\/\/balersl.com\/es\/wp-json\/wp\/v2\/comments?post=22"}],"version-history":[{"count":0,"href":"https:\/\/balersl.com\/es\/wp-json\/wp\/v2\/pages\/22\/revisions"}],"wp:attachment":[{"href":"https:\/\/balersl.com\/es\/wp-json\/wp\/v2\/media?parent=22"}],"curies":[{"name":"wp","href":"https:\/\/api.w.org\/{rel}","templated":true}]}}