{"id":22,"date":"2023-04-23T15:44:40","date_gmt":"2023-04-23T07:44:40","guid":{"rendered":"https:\/\/balersl.com\/?page_id=22"},"modified":"2023-06-21T17:39:49","modified_gmt":"2023-06-21T09:39:49","slug":"about-us","status":"publish","type":"page","link":"https:\/\/balersl.com\/fr\/about-us\/","title":{"rendered":"\u00c0 propos de nous"},"content":{"rendered":"<div data-elementor-type=\"wp-page\" data-elementor-id=\"22\" class=\"elementor elementor-22\" data-elementor-post-type=\"page\"> \t\t\t\t<div class=\"elementor-element elementor-element-6dcbf04 e-flex e-con-boxed e-con e-parent\" data-id=\"6dcbf04\" data-element_type=\"container\" data-e-type=\"container\"> \t\t\t\t\t<div class=\"e-con-inner\"> \t\t<div class=\"elementor-element elementor-element-07002cc e-con-full e-flex e-con e-parent\" data-id=\"07002cc\" data-element_type=\"container\" data-e-type=\"container\"> \t\t\t\t<div class=\"elementor-element elementor-element-48f94ad elementor-widget elementor-widget-heading\" data-id=\"48f94ad\" data-element_type=\"widget\" data-e-type=\"widget\" data-widget_type=\"heading.default\"> \t\t\t\t\t<h1 class=\"elementor-heading-title elementor-size-default\">\u00c0 propos de nous<\/h1>\t\t\t\t<\/div> \t\t\t\t<div class=\"elementor-element elementor-element-8afe9cf elementor-widget__width-initial elementor-widget elementor-widget-image\" data-id=\"8afe9cf\" data-element_type=\"widget\" data-e-type=\"widget\" data-widget_type=\"image.default\"> \t\t\t\t\t\t\t\t\t\t\t\t\t\t\t<img fetchpriority=\"high\" decoding=\"async\" width=\"720\" height=\"540\" src=\"https:\/\/balersl.com\/wp-content\/uploads\/2023\/06\/Shuliy-factory-.webp\" class=\"attachment-large size-large wp-image-1497\" alt=\"Usine Shuliy\" srcset=\"https:\/\/balersl.com\/wp-content\/uploads\/2023\/06\/Shuliy-factory-.webp 720w, https:\/\/balersl.com\/wp-content\/uploads\/2023\/06\/Shuliy-factory--360x270.webp 360w, https:\/\/balersl.com\/wp-content\/uploads\/2023\/06\/Shuliy-factory--240x180.webp 240w\" sizes=\"(max-width: 720px) 100vw, 720px\" \/>\t\t\t\t\t\t\t\t\t\t\t\t\t\t\t<\/div> \t\t\t\t<\/div> \t\t\t\t<div class=\"elementor-element elementor-element-526fdea elementor-widget__width-initial elementor-widget elementor-widget-text-editor\" data-id=\"526fdea\" data-element_type=\"widget\" data-e-type=\"widget\" data-widget_type=\"text-editor.default\"> \t\t\t\t\t\t\t\t\t<p>Depuis la cr\u00e9ation de Shuliy Machinery, avec le d\u00e9veloppement continu, notre \u00e9chelle a consid\u00e9rablement augment\u00e9. Et apr\u00e8s des ann\u00e9es de d\u00e9veloppement, notre technologie de fabrication de machines pour aliments pour animaux est devenue assez mature. Nous avons diff\u00e9rents d\u00e9partements pour g\u00e9rer diff\u00e9rents liens de fabrication de machines. Par exemple, le service R&amp;D est responsable de la recherche et de la mise \u00e0 jour des machines, le service de fabrication, le service de contr\u00f4le qualit\u00e9, etc. De plus, nous disposons de d\u00e9partements de vente et de service professionnels pour fournir \u00e0 nos clients des services et des produits professionnels, complets et de haute qualit\u00e9.<\/p>\t\t\t\t\t\t\t\t<\/div> \t\t\t\t\t<\/div> \t\t\t\t<\/div> \t\t<div class=\"elementor-element elementor-element-f305cb8 e-con-full e-flex e-con e-parent\" data-id=\"f305cb8\" data-element_type=\"container\" data-e-type=\"container\"> \t\t\t\t<div class=\"elementor-element elementor-element-c3ffd74 elementor-widget-divider--view-line elementor-widget elementor-widget-divider\" data-id=\"c3ffd74\" data-element_type=\"widget\" data-e-type=\"widget\" data-widget_type=\"divider.default\"> \t\t\t\t\t\t\t<div class=\"elementor-divider\"> \t\t\t<span class=\"elementor-divider-separator\"> \t\t\t\t\t\t<\/span> \t\t<\/div> \t\t\t\t\t\t<\/div> \t\t\t\t<\/div> \t\t<div class=\"elementor-element elementor-element-79ed9e7 e-flex e-con-boxed e-con e-parent\" data-id=\"79ed9e7\" data-element_type=\"container\" data-e-type=\"container\"> \t\t\t\t\t<div class=\"e-con-inner\"> \t\t<div class=\"elementor-element elementor-element-a972c7a e-con-full e-flex e-con e-parent\" data-id=\"a972c7a\" data-element_type=\"container\" data-e-type=\"container\"> \t\t\t\t<\/div> \t\t<div class=\"elementor-element elementor-element-334f5bc e-con-full e-flex e-con e-parent\" data-id=\"334f5bc\" data-element_type=\"container\" data-e-type=\"container\"> \t\t\t\t<div class=\"elementor-element elementor-element-d9a65a0 elementor-widget elementor-widget-heading\" data-id=\"d9a65a0\" data-element_type=\"widget\" data-e-type=\"widget\" data-widget_type=\"heading.default\"> \t\t\t\t\t<h2 class=\"elementor-heading-title elementor-size-default\">Principaux produits<\/h2>\t\t\t\t<\/div> \t\t\t\t<div class=\"elementor-element elementor-element-aa1e12b elementor-widget__width-initial elementor-widget elementor-widget-text-editor\" data-id=\"aa1e12b\" data-element_type=\"widget\" data-e-type=\"widget\" data-widget_type=\"text-editor.default\"> \t\t\t\t\t\t\t\t\t<p>\u00c0 l'heure actuelle, les principaux produits de notre soci\u00e9t\u00e9 comprennent des presses \u00e0 balles m\u00e9talliques, des cisailles \u00e0 m\u00e9taux, des broyeurs de m\u00e9taux, des machines \u00e0 briquettes de copeaux m\u00e9talliques, etc. Poursuivant la mission de \u00ab\u00a0Laisser les machines chinoises se propager aux quatre coins du monde\u00a0\u00bb, notre champ d'activit\u00e9 est en constante expansion. Aujourd'hui, nos machines ont \u00e9t\u00e9 vendues avec succ\u00e8s dans plus de 80 pays, dont le Nigeria, l'Inde, les \u00c9tats-Unis, la Malaisie, le Soudan, les \u00c9mirats arabes unis, le Royaume-Uni, le Sri Lanka, le Pakistan, la Tha\u00eflande, l'Alg\u00e9rie et l'Ouganda. Et gr\u00e2ce \u00e0 l'excellente qualit\u00e9 de la machine, le prix raisonnable a suscit\u00e9 de nombreux \u00e9loges parmi nos clients.<\/p>\t\t\t\t\t\t\t\t<\/div> \t\t\t\t<\/div> \t\t\t\t<div class=\"elementor-element elementor-element-284b39f elementor-widget__width-initial elementor-widget elementor-widget-image\" data-id=\"284b39f\" data-element_type=\"widget\" data-e-type=\"widget\" data-widget_type=\"image.default\"> \t\t\t\t\t\t\t\t\t\t\t\t\t\t\t<img decoding=\"async\" width=\"720\" height=\"540\" src=\"https:\/\/balersl.com\/wp-content\/uploads\/2023\/06\/scrap-metal-baler-machine-.webp\" class=\"attachment-large size-large wp-image-1498\" alt=\"presse \u00e0 balles de ferraille\" srcset=\"https:\/\/balersl.com\/wp-content\/uploads\/2023\/06\/scrap-metal-baler-machine-.webp 720w, https:\/\/balersl.com\/wp-content\/uploads\/2023\/06\/scrap-metal-baler-machine--360x270.webp 360w, https:\/\/balersl.com\/wp-content\/uploads\/2023\/06\/scrap-metal-baler-machine--240x180.webp 240w\" sizes=\"(max-width: 720px) 100vw, 720px\" \/>\t\t\t\t\t\t\t\t\t\t\t\t\t\t\t<\/div> \t\t\t\t\t<\/div> \t\t\t\t<\/div> \t\t<div class=\"elementor-element elementor-element-33d6bc3 e-con-full e-flex e-con e-parent\" data-id=\"33d6bc3\" data-element_type=\"container\" data-e-type=\"container\"> \t\t\t\t<div class=\"elementor-element elementor-element-6b3b003 elementor-widget-divider--view-line elementor-widget elementor-widget-divider\" data-id=\"6b3b003\" data-element_type=\"widget\" data-e-type=\"widget\" data-widget_type=\"divider.default\"> \t\t\t\t\t\t\t<div class=\"elementor-divider\"> \t\t\t<span class=\"elementor-divider-separator\"> \t\t\t\t\t\t<\/span> \t\t<\/div> \t\t\t\t\t\t<\/div> \t\t\t\t<\/div> \t\t<div class=\"elementor-element elementor-element-92fe8f7 e-flex e-con-boxed e-con e-parent\" data-id=\"92fe8f7\" data-element_type=\"container\" data-e-type=\"container\"> \t\t\t\t\t<div class=\"e-con-inner\"> \t\t<div class=\"elementor-element elementor-element-d7325c5 e-con-full e-flex e-con e-parent\" data-id=\"d7325c5\" data-element_type=\"container\" data-e-type=\"container\"> \t\t\t\t<div class=\"elementor-element elementor-element-76d219b elementor-widget elementor-widget-image\" data-id=\"76d219b\" data-element_type=\"widget\" data-e-type=\"widget\" data-widget_type=\"image.default\"> \t\t\t\t\t\t\t\t\t\t\t\t\t\t\t<img decoding=\"async\" width=\"720\" height=\"540\" src=\"https:\/\/balersl.com\/wp-content\/uploads\/2023\/06\/Shuliy-certificates-.webp\" class=\"attachment-large size-large wp-image-1500\" alt=\"Certificats Shuliy\" srcset=\"https:\/\/balersl.com\/wp-content\/uploads\/2023\/06\/Shuliy-certificates-.webp 720w, https:\/\/balersl.com\/wp-content\/uploads\/2023\/06\/Shuliy-certificates--360x270.webp 360w, https:\/\/balersl.com\/wp-content\/uploads\/2023\/06\/Shuliy-certificates--240x180.webp 240w\" sizes=\"(max-width: 720px) 100vw, 720px\" \/>\t\t\t\t\t\t\t\t\t\t\t\t\t\t\t<\/div> \t\t\t\t<\/div> \t\t<div class=\"elementor-element elementor-element-957859a e-con-full e-flex e-con e-parent\" data-id=\"957859a\" data-element_type=\"container\" data-e-type=\"container\"> \t\t\t\t<div class=\"elementor-element elementor-element-b254e47 elementor-widget elementor-widget-heading\" data-id=\"b254e47\" data-element_type=\"widget\" data-e-type=\"widget\" data-widget_type=\"heading.default\"> \t\t\t\t\t<h2 class=\"elementor-heading-title elementor-size-default\">Certificats et distinctions <\/h2>\t\t\t\t<\/div> \t\t\t\t<div class=\"elementor-element elementor-element-7757c1e elementor-widget elementor-widget-text-editor\" data-id=\"7757c1e\" data-element_type=\"widget\" data-e-type=\"widget\" data-widget_type=\"text-editor.default\"> \t\t\t\t\t\t\t\t\t<p>Shuliy Machinery est un fabricant professionnel de machines fourrag\u00e8res. Jusqu'\u00e0 pr\u00e9sent, nous avons plusieurs certificats d'honneur et certificats CE.<\/p>\t\t\t\t\t\t\t\t<\/div> \t\t\t\t<\/div> \t\t\t\t\t<\/div> \t\t\t\t<\/div> \t\t<div class=\"elementor-element elementor-element-c31c495 e-con-full e-flex e-con e-parent\" data-id=\"c31c495\" data-element_type=\"container\" data-e-type=\"container\"> \t\t\t\t<div class=\"elementor-element elementor-element-97f25ca elementor-widget-divider--view-line elementor-widget elementor-widget-divider\" data-id=\"97f25ca\" data-element_type=\"widget\" data-e-type=\"widget\" data-widget_type=\"divider.default\"> \t\t\t\t\t\t\t<div class=\"elementor-divider\"> \t\t\t<span class=\"elementor-divider-separator\"> \t\t\t\t\t\t<\/span> \t\t<\/div> \t\t\t\t\t\t<\/div> \t\t\t\t<\/div> \t\t<div class=\"elementor-element elementor-element-1221527 e-flex e-con-boxed e-con e-parent\" data-id=\"1221527\" data-element_type=\"container\" data-e-type=\"container\"> \t\t\t\t\t<div class=\"e-con-inner\"> \t\t<div class=\"elementor-element elementor-element-781ec70 e-con-full e-flex e-con e-parent\" data-id=\"781ec70\" data-element_type=\"container\" data-e-type=\"container\"> \t\t\t\t<div class=\"elementor-element elementor-element-796920c elementor-widget elementor-widget-heading\" data-id=\"796920c\" data-element_type=\"widget\" data-e-type=\"widget\" data-widget_type=\"heading.default\"> \t\t\t\t\t<h2 class=\"elementor-heading-title elementor-size-default\">Clients mondiaux<\/h2>\t\t\t\t<\/div> \t\t\t\t<div class=\"elementor-element elementor-element-e87b0de elementor-widget elementor-widget-text-editor\" data-id=\"e87b0de\" data-element_type=\"widget\" data-e-type=\"widget\" data-widget_type=\"text-editor.default\"> \t\t\t\t\t\t\t\t\t<p>Depuis la cr\u00e9ation de Shuliy Machinery, nous exportons. Nos machines ont \u00e9t\u00e9 vendues en Am\u00e9rique du Nord, en Am\u00e9rique du Sud, en Asie du Sud-Est, en Afrique, en Asie du Sud-Est et dans de nombreuses autres r\u00e9gions. Au fil des ann\u00e9es, nous avons accumul\u00e9 une riche exp\u00e9rience en exportation. Par cons\u00e9quent, nous pouvons aider nos clients \u00e0 r\u00e9soudre facilement les probl\u00e8mes de paiement, de documentation et de logistique. Nous disposons \u00e9galement d'un excellent syst\u00e8me de service, par exemple l'installation et la mise en service de machines \u00e0 l'\u00e9tranger, un service apr\u00e8s-vente d'un an, un service de conseil en ligne gratuit \u00e0 vie, etc.<\/p>\t\t\t\t\t\t\t\t<\/div> \t\t\t\t<\/div> \t\t<div class=\"elementor-element elementor-element-ea33e13 e-con-full e-flex e-con e-parent\" data-id=\"ea33e13\" data-element_type=\"container\" data-e-type=\"container\"> \t\t\t\t<div class=\"elementor-element elementor-element-bf27f6c elementor-widget elementor-widget-image\" data-id=\"bf27f6c\" data-element_type=\"widget\" data-e-type=\"widget\" data-widget_type=\"image.default\"> \t\t\t\t\t\t\t\t\t\t\t\t\t\t\t<img loading=\"lazy\" decoding=\"async\" width=\"720\" height=\"540\" src=\"https:\/\/balersl.com\/wp-content\/uploads\/2023\/06\/Shuliy-global-customers-.webp\" class=\"attachment-large size-large wp-image-1501\" alt=\"\" srcset=\"https:\/\/balersl.com\/wp-content\/uploads\/2023\/06\/Shuliy-global-customers-.webp 720w, https:\/\/balersl.com\/wp-content\/uploads\/2023\/06\/Shuliy-global-customers--360x270.webp 360w, https:\/\/balersl.com\/wp-content\/uploads\/2023\/06\/Shuliy-global-customers--240x180.webp 240w\" sizes=\"(max-width: 720px) 100vw, 720px\" \/>\t\t\t\t\t\t\t\t\t\t\t\t\t\t\t<\/div> \t\t\t\t<\/div> \t\t\t\t\t<\/div> \t\t\t\t<\/div> \t\t\t\t<\/div>","protected":false},"excerpt":{"rendered":"<p>About us Since the establishment of Shuliy Machinery, with the continuous development, our scale has been increasing largely. And after years of development our feed machinery manufacturing technology has been quite mature. We have different departments to manage different machinery manufacturing links. For example, the R&amp;D department is responsible for researching and updating the machines, [&hellip;]<\/p>\n","protected":false},"author":1,"featured_media":0,"parent":0,"menu_order":0,"comment_status":"closed","ping_status":"closed","template":"","meta":{"footnotes":""},"class_list":["post-22","page","type-page","status-publish","hentry"],"_links":{"self":[{"href":"https:\/\/balersl.com\/fr\/wp-json\/wp\/v2\/pages\/22","targetHints":{"allow":["GET"]}}],"collection":[{"href":"https:\/\/balersl.com\/fr\/wp-json\/wp\/v2\/pages"}],"about":[{"href":"https:\/\/balersl.com\/fr\/wp-json\/wp\/v2\/types\/page"}],"author":[{"embeddable":true,"href":"https:\/\/balersl.com\/fr\/wp-json\/wp\/v2\/users\/1"}],"replies":[{"embeddable":true,"href":"https:\/\/balersl.com\/fr\/wp-json\/wp\/v2\/comments?post=22"}],"version-history":[{"count":0,"href":"https:\/\/balersl.com\/fr\/wp-json\/wp\/v2\/pages\/22\/revisions"}],"wp:attachment":[{"href":"https:\/\/balersl.com\/fr\/wp-json\/wp\/v2\/media?parent=22"}],"curies":[{"name":"wp","href":"https:\/\/api.w.org\/{rel}","templated":true}]}}