{"id":22,"date":"2023-04-23T15:44:40","date_gmt":"2023-04-23T07:44:40","guid":{"rendered":"https:\/\/balersl.com\/?page_id=22"},"modified":"2023-06-21T17:39:49","modified_gmt":"2023-06-21T09:39:49","slug":"about-us","status":"publish","type":"page","link":"https:\/\/balersl.com\/pt\/about-us\/","title":{"rendered":"Sobre n\u00f3s"},"content":{"rendered":"<div data-elementor-type=\"wp-page\" data-elementor-id=\"22\" class=\"elementor elementor-22\" data-elementor-post-type=\"page\"> \t\t\t\t<div class=\"elementor-element elementor-element-6dcbf04 e-flex e-con-boxed e-con e-parent\" data-id=\"6dcbf04\" data-element_type=\"container\" data-e-type=\"container\"> \t\t\t\t\t<div class=\"e-con-inner\"> \t\t<div class=\"elementor-element elementor-element-07002cc e-con-full e-flex e-con e-parent\" data-id=\"07002cc\" data-element_type=\"container\" data-e-type=\"container\"> \t\t\t\t<div class=\"elementor-element elementor-element-48f94ad elementor-widget elementor-widget-heading\" data-id=\"48f94ad\" data-element_type=\"widget\" data-e-type=\"widget\" data-widget_type=\"heading.default\"> \t\t\t\t\t<h1 class=\"elementor-heading-title elementor-size-default\">Sobre n\u00f3s<\/h1>\t\t\t\t<\/div> \t\t\t\t<div class=\"elementor-element elementor-element-8afe9cf elementor-widget__width-initial elementor-widget elementor-widget-image\" data-id=\"8afe9cf\" data-element_type=\"widget\" data-e-type=\"widget\" data-widget_type=\"image.default\"> \t\t\t\t\t\t\t\t\t\t\t\t\t\t\t<img fetchpriority=\"high\" decoding=\"async\" width=\"720\" height=\"540\" src=\"https:\/\/balersl.com\/wp-content\/uploads\/2023\/06\/Shuliy-factory-.webp\" class=\"attachment-large size-large wp-image-1497\" alt=\"F\u00e1brica Shuliy\" srcset=\"https:\/\/balersl.com\/wp-content\/uploads\/2023\/06\/Shuliy-factory-.webp 720w, https:\/\/balersl.com\/wp-content\/uploads\/2023\/06\/Shuliy-factory--360x270.webp 360w, https:\/\/balersl.com\/wp-content\/uploads\/2023\/06\/Shuliy-factory--240x180.webp 240w\" sizes=\"(max-width: 720px) 100vw, 720px\" \/>\t\t\t\t\t\t\t\t\t\t\t\t\t\t\t<\/div> \t\t\t\t<\/div> \t\t\t\t<div class=\"elementor-element elementor-element-526fdea elementor-widget__width-initial elementor-widget elementor-widget-text-editor\" data-id=\"526fdea\" data-element_type=\"widget\" data-e-type=\"widget\" data-widget_type=\"text-editor.default\"> \t\t\t\t\t\t\t\t\t<p>Desde o estabelecimento da Shuliy Machinery, com o desenvolvimento cont\u00ednuo, nossa escala tem aumentado bastante. E depois de anos de desenvolvimento, nossa tecnologia de fabrica\u00e7\u00e3o de m\u00e1quinas para ra\u00e7\u00f5es est\u00e1 bastante madura. Temos diferentes departamentos para gerenciar diferentes links de fabrica\u00e7\u00e3o de m\u00e1quinas. Por exemplo, o departamento de P&amp;D \u00e9 respons\u00e1vel pela pesquisa e atualiza\u00e7\u00e3o das m\u00e1quinas, o departamento de fabrica\u00e7\u00e3o, o departamento de controle de qualidade e assim por diante. Al\u00e9m disso, temos departamentos profissionais de vendas e servi\u00e7os para fornecer servi\u00e7os e produtos profissionais, completos e de alta qualidade aos nossos clientes.<\/p>\t\t\t\t\t\t\t\t<\/div> \t\t\t\t\t<\/div> \t\t\t\t<\/div> \t\t<div class=\"elementor-element elementor-element-f305cb8 e-con-full e-flex e-con e-parent\" data-id=\"f305cb8\" data-element_type=\"container\" data-e-type=\"container\"> \t\t\t\t<div class=\"elementor-element elementor-element-c3ffd74 elementor-widget-divider--view-line elementor-widget elementor-widget-divider\" data-id=\"c3ffd74\" data-element_type=\"widget\" data-e-type=\"widget\" data-widget_type=\"divider.default\"> \t\t\t\t\t\t\t<div class=\"elementor-divider\"> \t\t\t<span class=\"elementor-divider-separator\"> \t\t\t\t\t\t<\/span> \t\t<\/div> \t\t\t\t\t\t<\/div> \t\t\t\t<\/div> \t\t<div class=\"elementor-element elementor-element-79ed9e7 e-flex e-con-boxed e-con e-parent\" data-id=\"79ed9e7\" data-element_type=\"container\" data-e-type=\"container\"> \t\t\t\t\t<div class=\"e-con-inner\"> \t\t<div class=\"elementor-element elementor-element-a972c7a e-con-full e-flex e-con e-parent\" data-id=\"a972c7a\" data-element_type=\"container\" data-e-type=\"container\"> \t\t\t\t<\/div> \t\t<div class=\"elementor-element elementor-element-334f5bc e-con-full e-flex e-con e-parent\" data-id=\"334f5bc\" data-element_type=\"container\" data-e-type=\"container\"> \t\t\t\t<div class=\"elementor-element elementor-element-d9a65a0 elementor-widget elementor-widget-heading\" data-id=\"d9a65a0\" data-element_type=\"widget\" data-e-type=\"widget\" data-widget_type=\"heading.default\"> \t\t\t\t\t<h2 class=\"elementor-heading-title elementor-size-default\">Principais produtos<\/h2>\t\t\t\t<\/div> \t\t\t\t<div class=\"elementor-element elementor-element-aa1e12b elementor-widget__width-initial elementor-widget elementor-widget-text-editor\" data-id=\"aa1e12b\" data-element_type=\"widget\" data-e-type=\"widget\" data-widget_type=\"text-editor.default\"> \t\t\t\t\t\t\t\t\t<p>Atualmente, os principais produtos da nossa empresa incluem enfardadeiras de metal, tesouras de metal, trituradores de metal, m\u00e1quinas de briquetagem de cavacos de metal, etc. Cumprindo a miss\u00e3o de \u201cDeixar as m\u00e1quinas chinesas se espalharem por todos os cantos do mundo\u201d, nosso escopo de neg\u00f3cios est\u00e1 em constante expans\u00e3o. Agora, as nossas m\u00e1quinas foram vendidas com sucesso para mais de 80 pa\u00edses, incluindo Nig\u00e9ria, \u00cdndia, Estados Unidos, Mal\u00e1sia, Sud\u00e3o, Emirados \u00c1rabes Unidos, Reino Unido, Sri Lanka, Paquist\u00e3o, Tail\u00e2ndia, Arg\u00e9lia e Uganda. E atrav\u00e9s da excelente qualidade da m\u00e1quina, o pre\u00e7o razo\u00e1vel ganhou elogios generalizados entre nossos clientes.<\/p>\t\t\t\t\t\t\t\t<\/div> \t\t\t\t<\/div> \t\t\t\t<div class=\"elementor-element elementor-element-284b39f elementor-widget__width-initial elementor-widget elementor-widget-image\" data-id=\"284b39f\" data-element_type=\"widget\" data-e-type=\"widget\" data-widget_type=\"image.default\"> \t\t\t\t\t\t\t\t\t\t\t\t\t\t\t<img decoding=\"async\" width=\"720\" height=\"540\" src=\"https:\/\/balersl.com\/wp-content\/uploads\/2023\/06\/scrap-metal-baler-machine-.webp\" class=\"attachment-large size-large wp-image-1498\" alt=\"m\u00e1quina enfardadeira de sucata\" srcset=\"https:\/\/balersl.com\/wp-content\/uploads\/2023\/06\/scrap-metal-baler-machine-.webp 720w, https:\/\/balersl.com\/wp-content\/uploads\/2023\/06\/scrap-metal-baler-machine--360x270.webp 360w, https:\/\/balersl.com\/wp-content\/uploads\/2023\/06\/scrap-metal-baler-machine--240x180.webp 240w\" sizes=\"(max-width: 720px) 100vw, 720px\" \/>\t\t\t\t\t\t\t\t\t\t\t\t\t\t\t<\/div> \t\t\t\t\t<\/div> \t\t\t\t<\/div> \t\t<div class=\"elementor-element elementor-element-33d6bc3 e-con-full e-flex e-con e-parent\" data-id=\"33d6bc3\" data-element_type=\"container\" data-e-type=\"container\"> \t\t\t\t<div class=\"elementor-element elementor-element-6b3b003 elementor-widget-divider--view-line elementor-widget elementor-widget-divider\" data-id=\"6b3b003\" data-element_type=\"widget\" data-e-type=\"widget\" data-widget_type=\"divider.default\"> \t\t\t\t\t\t\t<div class=\"elementor-divider\"> \t\t\t<span class=\"elementor-divider-separator\"> \t\t\t\t\t\t<\/span> \t\t<\/div> \t\t\t\t\t\t<\/div> \t\t\t\t<\/div> \t\t<div class=\"elementor-element elementor-element-92fe8f7 e-flex e-con-boxed e-con e-parent\" data-id=\"92fe8f7\" data-element_type=\"container\" data-e-type=\"container\"> \t\t\t\t\t<div class=\"e-con-inner\"> \t\t<div class=\"elementor-element elementor-element-d7325c5 e-con-full e-flex e-con e-parent\" data-id=\"d7325c5\" data-element_type=\"container\" data-e-type=\"container\"> \t\t\t\t<div class=\"elementor-element elementor-element-76d219b elementor-widget elementor-widget-image\" data-id=\"76d219b\" data-element_type=\"widget\" data-e-type=\"widget\" data-widget_type=\"image.default\"> \t\t\t\t\t\t\t\t\t\t\t\t\t\t\t<img decoding=\"async\" width=\"720\" height=\"540\" src=\"https:\/\/balersl.com\/wp-content\/uploads\/2023\/06\/Shuliy-certificates-.webp\" class=\"attachment-large size-large wp-image-1500\" alt=\"Certificados Shuliy\" srcset=\"https:\/\/balersl.com\/wp-content\/uploads\/2023\/06\/Shuliy-certificates-.webp 720w, https:\/\/balersl.com\/wp-content\/uploads\/2023\/06\/Shuliy-certificates--360x270.webp 360w, https:\/\/balersl.com\/wp-content\/uploads\/2023\/06\/Shuliy-certificates--240x180.webp 240w\" sizes=\"(max-width: 720px) 100vw, 720px\" \/>\t\t\t\t\t\t\t\t\t\t\t\t\t\t\t<\/div> \t\t\t\t<\/div> \t\t<div class=\"elementor-element elementor-element-957859a e-con-full e-flex e-con e-parent\" data-id=\"957859a\" data-element_type=\"container\" data-e-type=\"container\"> \t\t\t\t<div class=\"elementor-element elementor-element-b254e47 elementor-widget elementor-widget-heading\" data-id=\"b254e47\" data-element_type=\"widget\" data-e-type=\"widget\" data-widget_type=\"heading.default\"> \t\t\t\t\t<h2 class=\"elementor-heading-title elementor-size-default\">Certificados e homenagens <\/h2>\t\t\t\t<\/div> \t\t\t\t<div class=\"elementor-element elementor-element-7757c1e elementor-widget elementor-widget-text-editor\" data-id=\"7757c1e\" data-element_type=\"widget\" data-e-type=\"widget\" data-widget_type=\"text-editor.default\"> \t\t\t\t\t\t\t\t\t<p>Shuliy Machinery \u00e9 um fabricante profissional de m\u00e1quinas forrageiras. At\u00e9 agora temos v\u00e1rios certificados de honra e certificados CE.<\/p>\t\t\t\t\t\t\t\t<\/div> \t\t\t\t<\/div> \t\t\t\t\t<\/div> \t\t\t\t<\/div> \t\t<div class=\"elementor-element elementor-element-c31c495 e-con-full e-flex e-con e-parent\" data-id=\"c31c495\" data-element_type=\"container\" data-e-type=\"container\"> \t\t\t\t<div class=\"elementor-element elementor-element-97f25ca elementor-widget-divider--view-line elementor-widget elementor-widget-divider\" data-id=\"97f25ca\" data-element_type=\"widget\" data-e-type=\"widget\" data-widget_type=\"divider.default\"> \t\t\t\t\t\t\t<div class=\"elementor-divider\"> \t\t\t<span class=\"elementor-divider-separator\"> \t\t\t\t\t\t<\/span> \t\t<\/div> \t\t\t\t\t\t<\/div> \t\t\t\t<\/div> \t\t<div class=\"elementor-element elementor-element-1221527 e-flex e-con-boxed e-con e-parent\" data-id=\"1221527\" data-element_type=\"container\" data-e-type=\"container\"> \t\t\t\t\t<div class=\"e-con-inner\"> \t\t<div class=\"elementor-element elementor-element-781ec70 e-con-full e-flex e-con e-parent\" data-id=\"781ec70\" data-element_type=\"container\" data-e-type=\"container\"> \t\t\t\t<div class=\"elementor-element elementor-element-796920c elementor-widget elementor-widget-heading\" data-id=\"796920c\" data-element_type=\"widget\" data-e-type=\"widget\" data-widget_type=\"heading.default\"> \t\t\t\t\t<h2 class=\"elementor-heading-title elementor-size-default\">Clientes globais<\/h2>\t\t\t\t<\/div> \t\t\t\t<div class=\"elementor-element elementor-element-e87b0de elementor-widget elementor-widget-text-editor\" data-id=\"e87b0de\" data-element_type=\"widget\" data-e-type=\"widget\" data-widget_type=\"text-editor.default\"> \t\t\t\t\t\t\t\t\t<p>Desde o estabelecimento da Shuliy Machinery, exportamos. Nossas m\u00e1quinas foram vendidas para a Am\u00e9rica do Norte, Am\u00e9rica do Sul, Sudeste Asi\u00e1tico, \u00c1frica, Sudeste Asi\u00e1tico e muitas outras regi\u00f5es. Ao longo dos anos, acumulamos uma vasta experi\u00eancia em exporta\u00e7\u00e3o. Portanto, podemos ajudar nossos clientes a resolver facilmente os problemas de pagamento, documenta\u00e7\u00e3o e log\u00edstica. Tamb\u00e9m temos um excelente sistema de servi\u00e7os, por exemplo, instala\u00e7\u00e3o e comissionamento de m\u00e1quinas no exterior, servi\u00e7o p\u00f3s-venda de um ano, servi\u00e7o de consultoria online gratuito para toda a vida, etc.<\/p>\t\t\t\t\t\t\t\t<\/div> \t\t\t\t<\/div> \t\t<div class=\"elementor-element elementor-element-ea33e13 e-con-full e-flex e-con e-parent\" data-id=\"ea33e13\" data-element_type=\"container\" data-e-type=\"container\"> \t\t\t\t<div class=\"elementor-element elementor-element-bf27f6c elementor-widget elementor-widget-image\" data-id=\"bf27f6c\" data-element_type=\"widget\" data-e-type=\"widget\" data-widget_type=\"image.default\"> \t\t\t\t\t\t\t\t\t\t\t\t\t\t\t<img loading=\"lazy\" decoding=\"async\" width=\"720\" height=\"540\" src=\"https:\/\/balersl.com\/wp-content\/uploads\/2023\/06\/Shuliy-global-customers-.webp\" class=\"attachment-large size-large wp-image-1501\" alt=\"\" srcset=\"https:\/\/balersl.com\/wp-content\/uploads\/2023\/06\/Shuliy-global-customers-.webp 720w, https:\/\/balersl.com\/wp-content\/uploads\/2023\/06\/Shuliy-global-customers--360x270.webp 360w, https:\/\/balersl.com\/wp-content\/uploads\/2023\/06\/Shuliy-global-customers--240x180.webp 240w\" sizes=\"(max-width: 720px) 100vw, 720px\" \/>\t\t\t\t\t\t\t\t\t\t\t\t\t\t\t<\/div> \t\t\t\t<\/div> \t\t\t\t\t<\/div> \t\t\t\t<\/div> \t\t\t\t<\/div>","protected":false},"excerpt":{"rendered":"<p>About us Since the establishment of Shuliy Machinery, with the continuous development, our scale has been increasing largely. And after years of development our feed machinery manufacturing technology has been quite mature. We have different departments to manage different machinery manufacturing links. For example, the R&amp;D department is responsible for researching and updating the machines, [&hellip;]<\/p>\n","protected":false},"author":1,"featured_media":0,"parent":0,"menu_order":0,"comment_status":"closed","ping_status":"closed","template":"","meta":{"footnotes":""},"class_list":["post-22","page","type-page","status-publish","hentry"],"_links":{"self":[{"href":"https:\/\/balersl.com\/pt\/wp-json\/wp\/v2\/pages\/22","targetHints":{"allow":["GET"]}}],"collection":[{"href":"https:\/\/balersl.com\/pt\/wp-json\/wp\/v2\/pages"}],"about":[{"href":"https:\/\/balersl.com\/pt\/wp-json\/wp\/v2\/types\/page"}],"author":[{"embeddable":true,"href":"https:\/\/balersl.com\/pt\/wp-json\/wp\/v2\/users\/1"}],"replies":[{"embeddable":true,"href":"https:\/\/balersl.com\/pt\/wp-json\/wp\/v2\/comments?post=22"}],"version-history":[{"count":0,"href":"https:\/\/balersl.com\/pt\/wp-json\/wp\/v2\/pages\/22\/revisions"}],"wp:attachment":[{"href":"https:\/\/balersl.com\/pt\/wp-json\/wp\/v2\/media?parent=22"}],"curies":[{"name":"wp","href":"https:\/\/api.w.org\/{rel}","templated":true}]}}